{"id":294,"date":"2023-09-01T12:11:59","date_gmt":"2023-09-01T15:11:59","guid":{"rendered":"http:\/\/brendisol.com\/sustainability\/"},"modified":"2023-09-05T12:45:45","modified_gmt":"2023-09-05T15:45:45","slug":"sustentabilidad","status":"publish","type":"page","link":"https:\/\/brendisol.com\/es\/sustentabilidad\/","title":{"rendered":"Sustentabilidad"},"content":{"rendered":"\t\t<div data-elementor-type=\"wp-page\" data-elementor-id=\"294\" class=\"elementor elementor-294 elementor-186\" data-elementor-post-type=\"page\">\n\t\t\t\t\t\t\t<div class=\"elementor-element elementor-element-84b0d62 e-flex e-con-boxed e-con\" data-id=\"84b0d62\" data-element_type=\"container\" data-settings=\"{&quot;content_width&quot;:&quot;boxed&quot;}\">\n\t\t\t\t\t<div class=\"e-con-inner\">\n\t\t<div class=\"elementor-element elementor-element-eafcef0 e-con-full e-flex e-con\" data-id=\"eafcef0\" data-element_type=\"container\" data-settings=\"{&quot;content_width&quot;:&quot;full&quot;}\">\n\t\t\t\t<div class=\"elementor-element elementor-element-1bfd934 elementor-widget elementor-widget-text-editor\" data-id=\"1bfd934\" data-element_type=\"widget\" data-widget_type=\"text-editor.default\">\n\t\t\t\t<div class=\"elementor-widget-container\">\n\t\t\t<style>\/*! elementor - v3.15.0 - 20-08-2023 *\/\n.elementor-widget-text-editor.elementor-drop-cap-view-stacked .elementor-drop-cap{background-color:#69727d;color:#fff}.elementor-widget-text-editor.elementor-drop-cap-view-framed .elementor-drop-cap{color:#69727d;border:3px solid;background-color:transparent}.elementor-widget-text-editor:not(.elementor-drop-cap-view-default) .elementor-drop-cap{margin-top:8px}.elementor-widget-text-editor:not(.elementor-drop-cap-view-default) .elementor-drop-cap-letter{width:1em;height:1em}.elementor-widget-text-editor .elementor-drop-cap{float:left;text-align:center;line-height:1;font-size:50px}.elementor-widget-text-editor .elementor-drop-cap-letter{display:inline-block}<\/style>\t\t\t\t<h1>Sustentabilidad<\/h1>\t\t\t\t\t\t<\/div>\n\t\t\t\t<\/div>\n\t\t\t\t<\/div>\n\t\t<div class=\"elementor-element elementor-element-9b03a7e e-con-full e-flex e-con\" data-id=\"9b03a7e\" data-element_type=\"container\" data-settings=\"{&quot;content_width&quot;:&quot;full&quot;}\">\n\t\t\t\t<div class=\"elementor-element elementor-element-4f370a4 elementor-widget elementor-widget-text-editor\" data-id=\"4f370a4\" data-element_type=\"widget\" data-widget_type=\"text-editor.default\">\n\t\t\t\t<div class=\"elementor-widget-container\">\n\t\t\t\t\t\t\t<p>Somos el primer \u00a0miembro Latinoamericano de la Foreign Trade Association (FTA) y estamos comprometidos en promover la sustentabilidad, abordar las preocupaciones sobre el cambio clim\u00e1tico y garantizar condiciones laborales justas dentro de nuestras operaciones.<\/p>\t\t\t\t\t\t<\/div>\n\t\t\t\t<\/div>\n\t\t\t\t<\/div>\n\t\t\t\t\t<\/div>\n\t\t\t\t<\/div>\n\t\t<div class=\"elementor-element elementor-element-e0f3edc elementor-hidden-mobile e-flex e-con-boxed e-con\" data-id=\"e0f3edc\" data-element_type=\"container\" data-settings=\"{&quot;content_width&quot;:&quot;boxed&quot;}\">\n\t\t\t\t\t<div class=\"e-con-inner\">\n\t\t\t\t<div class=\"elementor-element elementor-element-ba34cb0 elementor-widget-divider--view-line elementor-widget elementor-widget-divider\" data-id=\"ba34cb0\" data-element_type=\"widget\" data-widget_type=\"divider.default\">\n\t\t\t\t<div class=\"elementor-widget-container\">\n\t\t\t<style>\/*! elementor - v3.15.0 - 20-08-2023 *\/\n.elementor-widget-divider{--divider-border-style:none;--divider-border-width:1px;--divider-color:#0c0d0e;--divider-icon-size:20px;--divider-element-spacing:10px;--divider-pattern-height:24px;--divider-pattern-size:20px;--divider-pattern-url:none;--divider-pattern-repeat:repeat-x}.elementor-widget-divider .elementor-divider{display:flex}.elementor-widget-divider .elementor-divider__text{font-size:15px;line-height:1;max-width:95%}.elementor-widget-divider .elementor-divider__element{margin:0 var(--divider-element-spacing);flex-shrink:0}.elementor-widget-divider .elementor-icon{font-size:var(--divider-icon-size)}.elementor-widget-divider .elementor-divider-separator{display:flex;margin:0;direction:ltr}.elementor-widget-divider--view-line_icon .elementor-divider-separator,.elementor-widget-divider--view-line_text .elementor-divider-separator{align-items:center}.elementor-widget-divider--view-line_icon .elementor-divider-separator:after,.elementor-widget-divider--view-line_icon .elementor-divider-separator:before,.elementor-widget-divider--view-line_text .elementor-divider-separator:after,.elementor-widget-divider--view-line_text .elementor-divider-separator:before{display:block;content:\"\";border-bottom:0;flex-grow:1;border-top:var(--divider-border-width) var(--divider-border-style) var(--divider-color)}.elementor-widget-divider--element-align-left .elementor-divider .elementor-divider-separator>.elementor-divider__svg:first-of-type{flex-grow:0;flex-shrink:100}.elementor-widget-divider--element-align-left .elementor-divider-separator:before{content:none}.elementor-widget-divider--element-align-left .elementor-divider__element{margin-left:0}.elementor-widget-divider--element-align-right .elementor-divider .elementor-divider-separator>.elementor-divider__svg:last-of-type{flex-grow:0;flex-shrink:100}.elementor-widget-divider--element-align-right .elementor-divider-separator:after{content:none}.elementor-widget-divider--element-align-right .elementor-divider__element{margin-right:0}.elementor-widget-divider:not(.elementor-widget-divider--view-line_text):not(.elementor-widget-divider--view-line_icon) .elementor-divider-separator{border-top:var(--divider-border-width) var(--divider-border-style) var(--divider-color)}.elementor-widget-divider--separator-type-pattern{--divider-border-style:none}.elementor-widget-divider--separator-type-pattern.elementor-widget-divider--view-line .elementor-divider-separator,.elementor-widget-divider--separator-type-pattern:not(.elementor-widget-divider--view-line) .elementor-divider-separator:after,.elementor-widget-divider--separator-type-pattern:not(.elementor-widget-divider--view-line) .elementor-divider-separator:before,.elementor-widget-divider--separator-type-pattern:not([class*=elementor-widget-divider--view]) .elementor-divider-separator{width:100%;min-height:var(--divider-pattern-height);-webkit-mask-size:var(--divider-pattern-size) 100%;mask-size:var(--divider-pattern-size) 100%;-webkit-mask-repeat:var(--divider-pattern-repeat);mask-repeat:var(--divider-pattern-repeat);background-color:var(--divider-color);-webkit-mask-image:var(--divider-pattern-url);mask-image:var(--divider-pattern-url)}.elementor-widget-divider--no-spacing{--divider-pattern-size:auto}.elementor-widget-divider--bg-round{--divider-pattern-repeat:round}.rtl .elementor-widget-divider .elementor-divider__text{direction:rtl}.e-con-inner>.elementor-widget-divider,.e-con>.elementor-widget-divider{width:var(--container-widget-width,100%);--flex-grow:var(--container-widget-flex-grow)}<\/style>\t\t<div class=\"elementor-divider\">\n\t\t\t<span class=\"elementor-divider-separator\">\n\t\t\t\t\t\t<\/span>\n\t\t<\/div>\n\t\t\t\t<\/div>\n\t\t\t\t<\/div>\n\t\t\t\t\t<\/div>\n\t\t\t\t<\/div>\n\t\t<div class=\"elementor-element elementor-element-e78784f e-flex e-con-boxed e-con\" data-id=\"e78784f\" data-element_type=\"container\" data-settings=\"{&quot;content_width&quot;:&quot;boxed&quot;}\">\n\t\t\t\t\t<div class=\"e-con-inner\">\n\t\t<div class=\"elementor-element elementor-element-7687cca e-con-full e-flex e-con\" data-id=\"7687cca\" data-element_type=\"container\" data-settings=\"{&quot;content_width&quot;:&quot;full&quot;}\">\n\t\t\t\t<div class=\"elementor-element elementor-element-ef98138 elementor-widget elementor-widget-image\" data-id=\"ef98138\" data-element_type=\"widget\" data-widget_type=\"image.default\">\n\t\t\t\t<div class=\"elementor-widget-container\">\n\t\t\t<style>\/*! elementor - v3.15.0 - 20-08-2023 *\/\n.elementor-widget-image{text-align:center}.elementor-widget-image a{display:inline-block}.elementor-widget-image a img[src$=\".svg\"]{width:48px}.elementor-widget-image img{vertical-align:middle;display:inline-block}<\/style>\t\t\t\t\t\t\t\t\t\t\t\t<img decoding=\"async\" loading=\"lazy\" width=\"740\" height=\"580\" src=\"https:\/\/brendisol.com\/wp-content\/uploads\/2023\/09\/sustainability-1.jpeg\" class=\"attachment-full size-full wp-image-190\" alt=\"\" srcset=\"https:\/\/brendisol.com\/wp-content\/uploads\/2023\/09\/sustainability-1.jpeg 740w, https:\/\/brendisol.com\/wp-content\/uploads\/2023\/09\/sustainability-1-300x235.jpeg 300w\" sizes=\"(max-width: 740px) 100vw, 740px\" \/>\t\t\t\t\t\t\t\t\t\t\t\t\t\t\t<\/div>\n\t\t\t\t<\/div>\n\t\t\t\t<\/div>\n\t\t<div class=\"elementor-element elementor-element-8885da3 e-con-full e-flex e-con\" data-id=\"8885da3\" data-element_type=\"container\" data-settings=\"{&quot;content_width&quot;:&quot;full&quot;}\">\n\t\t\t\t<div class=\"elementor-element elementor-element-39c1bc7 elementor-widget elementor-widget-text-editor\" data-id=\"39c1bc7\" data-element_type=\"widget\" data-widget_type=\"text-editor.default\">\n\t\t\t\t<div class=\"elementor-widget-container\">\n\t\t\t\t\t\t\t<h3>Como miembros activos<\/h3><p>de la Iniciativa de Cumplimiento de Responsabilidad Social en los negocios (BSCI, por sus siglas en ingl\u00e9s), apoyamos su misi\u00f3n y principios. <br \/>Para promover a\u00fan m\u00e1s pr\u00e1cticas responsables, hemos establecido nuestro propio Departamento de Responsabilidad Social dedicado. <br \/>Este departamento trabaja en estrecha colaboraci\u00f3n con nuestras f\u00e1bricas asociadas, brindando orientaci\u00f3n y asistencia para obtener el certificado BSCI. <br \/>Creemos que al fomentar una cultura de responsabilidad social, podemos tener un impacto positivo en la vida de los trabajadores y contribuir a un futuro m\u00e1s sostenible.<\/p>\t\t\t\t\t\t<\/div>\n\t\t\t\t<\/div>\n\t\t\t\t<\/div>\n\t\t\t\t\t<\/div>\n\t\t\t\t<\/div>\n\t\t<div class=\"elementor-element elementor-element-8970877 e-flex e-con-boxed e-con\" data-id=\"8970877\" data-element_type=\"container\" data-settings=\"{&quot;content_width&quot;:&quot;boxed&quot;}\">\n\t\t\t\t\t<div class=\"e-con-inner\">\n\t\t<div class=\"elementor-element elementor-element-8deb571 e-con-full e-flex e-con\" data-id=\"8deb571\" data-element_type=\"container\" data-settings=\"{&quot;content_width&quot;:&quot;full&quot;}\">\n\t\t\t\t<div class=\"elementor-element elementor-element-cc36606 elementor-widget elementor-widget-text-editor\" data-id=\"cc36606\" data-element_type=\"widget\" data-widget_type=\"text-editor.default\">\n\t\t\t\t<div class=\"elementor-widget-container\">\n\t\t\t\t\t\t\t<h3>Para garantizar el cumplimiento de nuestros est\u00e1ndares,<\/h3><p>Brendisol realiza auditor\u00edas regulares en nuestras f\u00e1bricas asociadas. <br \/>Estas auditor\u00edas son realizadas por empresas especializadas con experiencia en la evaluaci\u00f3n del cumplimiento social y ambiental. <br \/>A trav\u00e9s de estas evaluaciones, identificamos \u00e1reas de mejora y colaboramos con nuestras f\u00e1bricas para implementar los cambios necesarios. <br \/>Al monitorear y evaluar continuamente nuestras pr\u00e1cticas, buscamos crear condiciones de trabajo seguras y saludables, promover pr\u00e1cticas laborales justas y minimizar nuestro impacto ambiental.<\/p>\t\t\t\t\t\t<\/div>\n\t\t\t\t<\/div>\n\t\t\t\t<\/div>\n\t\t<div class=\"elementor-element elementor-element-748a582 e-con-full e-flex e-con\" data-id=\"748a582\" data-element_type=\"container\" data-settings=\"{&quot;content_width&quot;:&quot;full&quot;}\">\n\t\t\t\t<div class=\"elementor-element elementor-element-77bbcf1 elementor-widget elementor-widget-image\" data-id=\"77bbcf1\" data-element_type=\"widget\" data-widget_type=\"image.default\">\n\t\t\t\t<div class=\"elementor-widget-container\">\n\t\t\t\t\t\t\t\t\t\t\t\t\t\t\t<img decoding=\"async\" loading=\"lazy\" width=\"740\" height=\"580\" src=\"https:\/\/brendisol.com\/wp-content\/uploads\/2023\/09\/sustainability-2.jpeg\" class=\"attachment-full size-full wp-image-192\" alt=\"\" srcset=\"https:\/\/brendisol.com\/wp-content\/uploads\/2023\/09\/sustainability-2.jpeg 740w, https:\/\/brendisol.com\/wp-content\/uploads\/2023\/09\/sustainability-2-300x235.jpeg 300w\" sizes=\"(max-width: 740px) 100vw, 740px\" \/>\t\t\t\t\t\t\t\t\t\t\t\t\t\t\t<\/div>\n\t\t\t\t<\/div>\n\t\t\t\t<\/div>\n\t\t\t\t\t<\/div>\n\t\t\t\t<\/div>\n\t\t<div class=\"elementor-element elementor-element-e8e282e e-flex e-con-boxed e-con\" data-id=\"e8e282e\" data-element_type=\"container\" data-settings=\"{&quot;content_width&quot;:&quot;boxed&quot;}\">\n\t\t\t\t\t<div class=\"e-con-inner\">\n\t\t<div class=\"elementor-element elementor-element-6ef01b3 e-con-full e-flex e-con\" data-id=\"6ef01b3\" data-element_type=\"container\" data-settings=\"{&quot;content_width&quot;:&quot;full&quot;}\">\n\t\t\t\t<div class=\"elementor-element elementor-element-c06d588 elementor-widget elementor-widget-image\" data-id=\"c06d588\" data-element_type=\"widget\" data-widget_type=\"image.default\">\n\t\t\t\t<div class=\"elementor-widget-container\">\n\t\t\t\t\t\t\t\t\t\t\t\t\t\t\t<img decoding=\"async\" loading=\"lazy\" width=\"740\" height=\"580\" src=\"https:\/\/brendisol.com\/wp-content\/uploads\/2023\/09\/sustainability-3.jpeg\" class=\"attachment-full size-full wp-image-194\" alt=\"\" srcset=\"https:\/\/brendisol.com\/wp-content\/uploads\/2023\/09\/sustainability-3.jpeg 740w, https:\/\/brendisol.com\/wp-content\/uploads\/2023\/09\/sustainability-3-300x235.jpeg 300w\" sizes=\"(max-width: 740px) 100vw, 740px\" \/>\t\t\t\t\t\t\t\t\t\t\t\t\t\t\t<\/div>\n\t\t\t\t<\/div>\n\t\t\t\t<\/div>\n\t\t<div class=\"elementor-element elementor-element-0402175 e-con-full e-flex e-con\" data-id=\"0402175\" data-element_type=\"container\" data-settings=\"{&quot;content_width&quot;:&quot;full&quot;}\">\n\t\t\t\t<div class=\"elementor-element elementor-element-418d550 elementor-widget elementor-widget-text-editor\" data-id=\"418d550\" data-element_type=\"widget\" data-widget_type=\"text-editor.default\">\n\t\t\t\t<div class=\"elementor-widget-container\">\n\t\t\t\t\t\t\t<h3><strong>Nuestro compromiso con la sostenibilidad, <\/strong><\/h3><p><span style=\"font-weight: 400;\">la mitigaci\u00f3n del cambio clim\u00e1tico y las condiciones de trabajo \u00e9ticas est\u00e1 arraigado en nuestros valores. <\/span><span style=\"font-weight: 400;\"><br \/><\/span><span style=\"font-weight: 400;\">Reconocemos la necesidad urgente de abordar estos desaf\u00edos globales y seguimos dedicados a desempe\u00f1ar nuestro papel en la creaci\u00f3n de un mundo m\u00e1s sostenible y equitativo.\u00a0<\/span><\/p>\t\t\t\t\t\t<\/div>\n\t\t\t\t<\/div>\n\t\t\t\t<\/div>\n\t\t\t\t\t<\/div>\n\t\t\t\t<\/div>\n\t\t\t\t\t\t\t<\/div>\n\t\t","protected":false},"excerpt":{"rendered":"<p>Sustentabilidad Somos el primer \u00a0miembro Latinoamericano de la Foreign Trade Association (FTA) y estamos comprometidos en promover la sustentabilidad, abordar las preocupaciones sobre el cambio clim\u00e1tico y garantizar condiciones laborales justas dentro de nuestras operaciones. Como miembros activos de la Iniciativa de Cumplimiento de Responsabilidad Social en los negocios (BSCI, por sus siglas en ingl\u00e9s), &hellip;<\/p>\n<p class=\"read-more\"> <a class=\"\" href=\"https:\/\/brendisol.com\/es\/sustentabilidad\/\"> <span class=\"screen-reader-text\">Sustentabilidad<\/span> Leer m\u00e1s &raquo;<\/a><\/p>\n","protected":false},"author":1,"featured_media":0,"parent":0,"menu_order":0,"comment_status":"closed","ping_status":"closed","template":"","meta":{"site-sidebar-layout":"no-sidebar","site-content-layout":"","ast-site-content-layout":"full-width-container","site-content-style":"default","site-sidebar-style":"default","ast-global-header-display":"","ast-banner-title-visibility":"","ast-main-header-display":"","ast-hfb-above-header-display":"","ast-hfb-below-header-display":"","ast-hfb-mobile-header-display":"","site-post-title":"disabled","ast-breadcrumbs-content":"","ast-featured-img":"disabled","footer-sml-layout":"","theme-transparent-header-meta":"","adv-header-id-meta":"","stick-header-meta":"","header-above-stick-meta":"","header-main-stick-meta":"","header-below-stick-meta":"","astra-migrate-meta-layouts":"","footnotes":""},"yoast_head":"<!-- This site is optimized with the Yoast SEO plugin v22.2 - https:\/\/yoast.com\/wordpress\/plugins\/seo\/ -->\n<title>Sustentabilidad - Brendisol<\/title>\n<meta name=\"robots\" content=\"index, follow, max-snippet:-1, max-image-preview:large, max-video-preview:-1\" \/>\n<link rel=\"canonical\" href=\"https:\/\/www.brendisol.hk\/es\/sustentabilidad\/\" \/>\n<meta property=\"og:locale\" content=\"es_ES\" \/>\n<meta property=\"og:type\" content=\"article\" \/>\n<meta property=\"og:title\" content=\"Sustentabilidad - Brendisol\" \/>\n<meta property=\"og:description\" content=\"Sustentabilidad Somos el primer \u00a0miembro Latinoamericano de la Foreign Trade Association (FTA) y estamos comprometidos en promover la sustentabilidad, abordar las preocupaciones sobre el cambio clim\u00e1tico y garantizar condiciones laborales justas dentro de nuestras operaciones. Como miembros activos de la Iniciativa de Cumplimiento de Responsabilidad Social en los negocios (BSCI, por sus siglas en ingl\u00e9s), &hellip; Sustentabilidad Leer m\u00e1s &raquo;\" \/>\n<meta property=\"og:url\" content=\"https:\/\/www.brendisol.hk\/es\/sustentabilidad\/\" \/>\n<meta property=\"og:site_name\" content=\"Brendisol\" \/>\n<meta property=\"article:modified_time\" content=\"2023-09-05T15:45:45+00:00\" \/>\n<meta property=\"og:image\" content=\"http:\/\/brendisol.com\/wp-content\/uploads\/2023\/09\/sustainability-1.jpeg\" \/>\n<meta name=\"twitter:card\" content=\"summary_large_image\" \/>\n<meta name=\"twitter:label1\" content=\"Tiempo de lectura\" \/>\n\t<meta name=\"twitter:data1\" content=\"1 minuto\" \/>\n<script type=\"application\/ld+json\" class=\"yoast-schema-graph\">{\"@context\":\"https:\/\/schema.org\",\"@graph\":[{\"@type\":\"WebPage\",\"@id\":\"https:\/\/www.brendisol.hk\/es\/sustentabilidad\/\",\"url\":\"https:\/\/www.brendisol.hk\/es\/sustentabilidad\/\",\"name\":\"Sustentabilidad - Brendisol\",\"isPartOf\":{\"@id\":\"https:\/\/www.brendisol.com\/#website\"},\"primaryImageOfPage\":{\"@id\":\"https:\/\/www.brendisol.hk\/es\/sustentabilidad\/#primaryimage\"},\"image\":{\"@id\":\"https:\/\/www.brendisol.hk\/es\/sustentabilidad\/#primaryimage\"},\"thumbnailUrl\":\"http:\/\/brendisol.com\/wp-content\/uploads\/2023\/09\/sustainability-1.jpeg\",\"datePublished\":\"2023-09-01T15:11:59+00:00\",\"dateModified\":\"2023-09-05T15:45:45+00:00\",\"breadcrumb\":{\"@id\":\"https:\/\/www.brendisol.hk\/es\/sustentabilidad\/#breadcrumb\"},\"inLanguage\":\"es\",\"potentialAction\":[{\"@type\":\"ReadAction\",\"target\":[\"https:\/\/www.brendisol.hk\/es\/sustentabilidad\/\"]}]},{\"@type\":\"ImageObject\",\"inLanguage\":\"es\",\"@id\":\"https:\/\/www.brendisol.hk\/es\/sustentabilidad\/#primaryimage\",\"url\":\"https:\/\/brendisol.com\/wp-content\/uploads\/2023\/09\/sustainability-1.jpeg\",\"contentUrl\":\"https:\/\/brendisol.com\/wp-content\/uploads\/2023\/09\/sustainability-1.jpeg\",\"width\":740,\"height\":580},{\"@type\":\"BreadcrumbList\",\"@id\":\"https:\/\/www.brendisol.hk\/es\/sustentabilidad\/#breadcrumb\",\"itemListElement\":[{\"@type\":\"ListItem\",\"position\":1,\"name\":\"Home\",\"item\":\"https:\/\/www.brendisol.com.br\/es\/\"},{\"@type\":\"ListItem\",\"position\":2,\"name\":\"Sustentabilidad\"}]},{\"@type\":\"WebSite\",\"@id\":\"https:\/\/www.brendisol.com\/#website\",\"url\":\"https:\/\/www.brendisol.com\/\",\"name\":\"Brendisol\",\"description\":\"Export Trading Company\",\"publisher\":{\"@id\":\"https:\/\/www.brendisol.com\/#organization\"},\"potentialAction\":[{\"@type\":\"SearchAction\",\"target\":{\"@type\":\"EntryPoint\",\"urlTemplate\":\"https:\/\/www.brendisol.com\/?s={search_term_string}\"},\"query-input\":\"required name=search_term_string\"}],\"inLanguage\":\"es\"},{\"@type\":\"Organization\",\"@id\":\"https:\/\/www.brendisol.com\/#organization\",\"name\":\"Brendisol Trading S.A.\",\"url\":\"https:\/\/www.brendisol.com\/\",\"logo\":{\"@type\":\"ImageObject\",\"inLanguage\":\"es\",\"@id\":\"https:\/\/www.brendisol.com\/#\/schema\/logo\/image\/\",\"url\":\"http:\/\/brendisol.com\/wp-content\/uploads\/2024\/03\/logo-redes.png\",\"contentUrl\":\"http:\/\/brendisol.com\/wp-content\/uploads\/2024\/03\/logo-redes.png\",\"width\":1200,\"height\":675,\"caption\":\"Brendisol Trading S.A.\"},\"image\":{\"@id\":\"https:\/\/www.brendisol.com\/#\/schema\/logo\/image\/\"}}]}<\/script>\n<!-- \/ Yoast SEO plugin. -->","yoast_head_json":{"title":"Sustentabilidad - Brendisol","robots":{"index":"index","follow":"follow","max-snippet":"max-snippet:-1","max-image-preview":"max-image-preview:large","max-video-preview":"max-video-preview:-1"},"canonical":"https:\/\/www.brendisol.hk\/es\/sustentabilidad\/","og_locale":"es_ES","og_type":"article","og_title":"Sustentabilidad - Brendisol","og_description":"Sustentabilidad Somos el primer \u00a0miembro Latinoamericano de la Foreign Trade Association (FTA) y estamos comprometidos en promover la sustentabilidad, abordar las preocupaciones sobre el cambio clim\u00e1tico y garantizar condiciones laborales justas dentro de nuestras operaciones. Como miembros activos de la Iniciativa de Cumplimiento de Responsabilidad Social en los negocios (BSCI, por sus siglas en ingl\u00e9s), &hellip; Sustentabilidad Leer m\u00e1s &raquo;","og_url":"https:\/\/www.brendisol.hk\/es\/sustentabilidad\/","og_site_name":"Brendisol","article_modified_time":"2023-09-05T15:45:45+00:00","og_image":[{"url":"http:\/\/brendisol.com\/wp-content\/uploads\/2023\/09\/sustainability-1.jpeg"}],"twitter_card":"summary_large_image","twitter_misc":{"Tiempo de lectura":"1 minuto"},"schema":{"@context":"https:\/\/schema.org","@graph":[{"@type":"WebPage","@id":"https:\/\/www.brendisol.hk\/es\/sustentabilidad\/","url":"https:\/\/www.brendisol.hk\/es\/sustentabilidad\/","name":"Sustentabilidad - Brendisol","isPartOf":{"@id":"https:\/\/www.brendisol.com\/#website"},"primaryImageOfPage":{"@id":"https:\/\/www.brendisol.hk\/es\/sustentabilidad\/#primaryimage"},"image":{"@id":"https:\/\/www.brendisol.hk\/es\/sustentabilidad\/#primaryimage"},"thumbnailUrl":"http:\/\/brendisol.com\/wp-content\/uploads\/2023\/09\/sustainability-1.jpeg","datePublished":"2023-09-01T15:11:59+00:00","dateModified":"2023-09-05T15:45:45+00:00","breadcrumb":{"@id":"https:\/\/www.brendisol.hk\/es\/sustentabilidad\/#breadcrumb"},"inLanguage":"es","potentialAction":[{"@type":"ReadAction","target":["https:\/\/www.brendisol.hk\/es\/sustentabilidad\/"]}]},{"@type":"ImageObject","inLanguage":"es","@id":"https:\/\/www.brendisol.hk\/es\/sustentabilidad\/#primaryimage","url":"https:\/\/brendisol.com\/wp-content\/uploads\/2023\/09\/sustainability-1.jpeg","contentUrl":"https:\/\/brendisol.com\/wp-content\/uploads\/2023\/09\/sustainability-1.jpeg","width":740,"height":580},{"@type":"BreadcrumbList","@id":"https:\/\/www.brendisol.hk\/es\/sustentabilidad\/#breadcrumb","itemListElement":[{"@type":"ListItem","position":1,"name":"Home","item":"https:\/\/www.brendisol.com.br\/es\/"},{"@type":"ListItem","position":2,"name":"Sustentabilidad"}]},{"@type":"WebSite","@id":"https:\/\/www.brendisol.com\/#website","url":"https:\/\/www.brendisol.com\/","name":"Brendisol","description":"Export Trading Company","publisher":{"@id":"https:\/\/www.brendisol.com\/#organization"},"potentialAction":[{"@type":"SearchAction","target":{"@type":"EntryPoint","urlTemplate":"https:\/\/www.brendisol.com\/?s={search_term_string}"},"query-input":"required name=search_term_string"}],"inLanguage":"es"},{"@type":"Organization","@id":"https:\/\/www.brendisol.com\/#organization","name":"Brendisol Trading S.A.","url":"https:\/\/www.brendisol.com\/","logo":{"@type":"ImageObject","inLanguage":"es","@id":"https:\/\/www.brendisol.com\/#\/schema\/logo\/image\/","url":"http:\/\/brendisol.com\/wp-content\/uploads\/2024\/03\/logo-redes.png","contentUrl":"http:\/\/brendisol.com\/wp-content\/uploads\/2024\/03\/logo-redes.png","width":1200,"height":675,"caption":"Brendisol Trading S.A."},"image":{"@id":"https:\/\/www.brendisol.com\/#\/schema\/logo\/image\/"}}]}},"_links":{"self":[{"href":"https:\/\/brendisol.com\/es\/wp-json\/wp\/v2\/pages\/294"}],"collection":[{"href":"https:\/\/brendisol.com\/es\/wp-json\/wp\/v2\/pages"}],"about":[{"href":"https:\/\/brendisol.com\/es\/wp-json\/wp\/v2\/types\/page"}],"author":[{"embeddable":true,"href":"https:\/\/brendisol.com\/es\/wp-json\/wp\/v2\/users\/1"}],"replies":[{"embeddable":true,"href":"https:\/\/brendisol.com\/es\/wp-json\/wp\/v2\/comments?post=294"}],"version-history":[{"count":7,"href":"https:\/\/brendisol.com\/es\/wp-json\/wp\/v2\/pages\/294\/revisions"}],"predecessor-version":[{"id":322,"href":"https:\/\/brendisol.com\/es\/wp-json\/wp\/v2\/pages\/294\/revisions\/322"}],"wp:attachment":[{"href":"https:\/\/brendisol.com\/es\/wp-json\/wp\/v2\/media?parent=294"}],"curies":[{"name":"wp","href":"https:\/\/api.w.org\/{rel}","templated":true}]}}